{"id":2116,"date":"2026-01-26T09:35:59","date_gmt":"2026-01-26T12:35:59","guid":{"rendered":"https:\/\/clientes.3pixeldesign.com.br\/casaferroemadeira\/?post_type=product&#038;p=2116"},"modified":"2026-01-26T12:26:22","modified_gmt":"2026-01-26T15:26:22","slug":"ilha-gourmet-premium-o-encontro-do-rustico-com-o-classico-moderno","status":"publish","type":"product","link":"https:\/\/clientes.3pixeldesign.com.br\/casaferroemadeira\/produto\/ilha-gourmet-premium-o-encontro-do-rustico-com-o-classico-moderno\/","title":{"rendered":"Ilha Gourmet Premium: O Encontro do R\u00fastico com o Cl\u00e1ssico Moderno"},"content":{"rendered":"<p>\ud83d\udc51\u200bEste \u00e9 um m\u00f3vel que transcende o simples balc\u00e3o, unindo a robustez do Estilo R\u00fastico \ud83c\udf33 em sua estrutura e tampo amadeirado com a eleg\u00e2ncia atemporal do Cl\u00e1ssico Moderno. \ud83e\udd42<\/p>\n<p>\u200b\ud83c\udf1f Destaques da Qualidade Premium:<br \/>\n\u200bAcabamento Laqueado de Alta Qualidade: A estrutura externa recebe um acabamento laqueado impec\u00e1vel na cor branca, garantindo um visual clean \u2728, toque acetinado, resist\u00eancia superior \ud83d\udcaa e durabilidade que s\u00f3 um produto premium oferece.<\/p>\n<p>\u200bTampo em Madeira R\u00fastica: O contraste perfeito \u00e9 dado pelo tampo maci\u00e7o em madeira \ud83e\udeb5, que adiciona calor \ud83d\udd25, autenticidade e a inspira\u00e7\u00e3o r\u00fastica, criando uma pe\u00e7a \u00fanica e acolhedora.<br \/>\n\ud83c\udfe1<br \/>\n\u200bDesign Funcional: Conta com gavetas espa\u00e7osas \ud83c\udf7d\ufe0f, prateleiras abertas ideais para cestos de armazenamento \ud83e\uddfa e uma cuba embutida, transformando-a em um centro de preparo completo e eficiente. \ud83c\udf73<br \/>\n\u200bDetalhes Cl\u00e1ssicos: Puxadores discretos e o design de linhas retas e limpas refor\u00e7am a inspira\u00e7\u00e3o cl\u00e1ssica, elevando o n\u00edvel de requinte do ambiente.<br \/>\n\ud83d\udc8e\u200bSe voc\u00ea busca uma pe\u00e7a de mobili\u00e1rio que seja investimento, que una qualidade premium em laca \ud83d\udd1d \u00e0 beleza da inspira\u00e7\u00e3o r\u00fastico-cl\u00e1ssica, esta ilha \u00e9 a escolha ideal.<br \/>\n\u200bTransforme sua cozinha em um ambiente de revista!<\/p>\n","protected":false},"excerpt":{"rendered":"<p>\ud83d\udc51\u200bEste \u00e9 um m\u00f3vel que transcende o simples balc\u00e3o, unindo a robustez do Estilo R\u00fastico \ud83c\udf33 em sua estrutura e tampo amadeirado com a eleg\u00e2ncia atemporal do Cl\u00e1ssico Moderno. \ud83e\udd42 \u200b\ud83c\udf1f Destaques da Qualidade Premium: \u200bAcabamento Laqueado de Alta Qualidade: A estrutura externa recebe um acabamento laqueado impec\u00e1vel na cor branca, garantindo um visual clean \u2728, toque acetinado, resist\u00eancia superior \ud83d\udcaa e durabilidade que s\u00f3 um produto premium oferece. \u200bTampo em Madeira R\u00fastica: O contraste perfeito \u00e9 dado pelo tampo maci\u00e7o em madeira \ud83e\udeb5, que adiciona calor \ud83d\udd25, autenticidade e a inspira\u00e7\u00e3o r\u00fastica, criando uma pe\u00e7a \u00fanica e acolhedora. \ud83c\udfe1 \u200bDesign Funcional: Conta com gavetas espa\u00e7osas \ud83c\udf7d\ufe0f, prateleiras abertas ideais para cestos de armazenamento \ud83e\uddfa e uma cuba embutida, transformando-a em um centro de preparo completo e eficiente. \ud83c\udf73 \u200bDetalhes Cl\u00e1ssicos: Puxadores discretos e o design de linhas retas e limpas refor\u00e7am a inspira\u00e7\u00e3o cl\u00e1ssica, elevando o n\u00edvel de requinte do ambiente. \ud83d\udc8e\u200bSe voc\u00ea busca uma pe\u00e7a de mobili\u00e1rio que seja investimento, que una qualidade premium em laca \ud83d\udd1d \u00e0 beleza da inspira\u00e7\u00e3o r\u00fastico-cl\u00e1ssica, esta ilha \u00e9 a escolha ideal. \u200bTransforme sua cozinha em um ambiente de revista!<\/p>\n","protected":false},"featured_media":2125,"template":"","meta":{"footnotes":""},"product_brand":[],"product_cat":[107],"product_tag":[],"locais-de-destaque":[93,94,95],"class_list":{"0":"post-2116","1":"product","2":"type-product","3":"status-publish","4":"has-post-thumbnail","6":"product_cat-cozinha","7":"locais-de-destaque-vendidos","8":"locais-de-destaque-ofertas-da-semana","9":"locais-de-destaque-outros-produtos","11":"first","12":"instock","13":"shipping-taxable","14":"purchasable","15":"product-type-simple"},"_links":{"self":[{"href":"https:\/\/clientes.3pixeldesign.com.br\/casaferroemadeira\/wp-json\/wp\/v2\/product\/2116","targetHints":{"allow":["GET"]}}],"collection":[{"href":"https:\/\/clientes.3pixeldesign.com.br\/casaferroemadeira\/wp-json\/wp\/v2\/product"}],"about":[{"href":"https:\/\/clientes.3pixeldesign.com.br\/casaferroemadeira\/wp-json\/wp\/v2\/types\/product"}],"version-history":[{"count":1,"href":"https:\/\/clientes.3pixeldesign.com.br\/casaferroemadeira\/wp-json\/wp\/v2\/product\/2116\/revisions"}],"predecessor-version":[{"id":2126,"href":"https:\/\/clientes.3pixeldesign.com.br\/casaferroemadeira\/wp-json\/wp\/v2\/product\/2116\/revisions\/2126"}],"wp:featuredmedia":[{"embeddable":true,"href":"https:\/\/clientes.3pixeldesign.com.br\/casaferroemadeira\/wp-json\/wp\/v2\/media\/2125"}],"wp:attachment":[{"href":"https:\/\/clientes.3pixeldesign.com.br\/casaferroemadeira\/wp-json\/wp\/v2\/media?parent=2116"}],"wp:term":[{"taxonomy":"product_brand","embeddable":true,"href":"https:\/\/clientes.3pixeldesign.com.br\/casaferroemadeira\/wp-json\/wp\/v2\/product_brand?post=2116"},{"taxonomy":"product_cat","embeddable":true,"href":"https:\/\/clientes.3pixeldesign.com.br\/casaferroemadeira\/wp-json\/wp\/v2\/product_cat?post=2116"},{"taxonomy":"product_tag","embeddable":true,"href":"https:\/\/clientes.3pixeldesign.com.br\/casaferroemadeira\/wp-json\/wp\/v2\/product_tag?post=2116"},{"taxonomy":"locais-de-destaque","embeddable":true,"href":"https:\/\/clientes.3pixeldesign.com.br\/casaferroemadeira\/wp-json\/wp\/v2\/locais-de-destaque?post=2116"}],"curies":[{"name":"wp","href":"https:\/\/api.w.org\/{rel}","templated":true}]}}