{"id":2095,"date":"2026-01-26T09:30:59","date_gmt":"2026-01-26T12:30:59","guid":{"rendered":"https:\/\/clientes.3pixeldesign.com.br\/casaferroemadeira\/?post_type=product&#038;p=2095"},"modified":"2026-01-26T09:30:59","modified_gmt":"2026-01-26T12:30:59","slug":"ilha-de-cozinha-com-alma","status":"publish","type":"product","link":"https:\/\/clientes.3pixeldesign.com.br\/casaferroemadeira\/produto\/ilha-de-cozinha-com-alma\/","title":{"rendered":"Ilha de Cozinha com Alma"},"content":{"rendered":"<p>Sua Ilha de Cozinha com Alma!<br \/>\n\u200bChega de m\u00f3veis sem gra\u00e7a!<\/p>\n<p>Esta ilha \u00e9 a uni\u00e3o perfeita entre o charme r\u00fastico e a funcionalidade moderna.<br \/>\n\u200bA mat\u00e9ria-prima?<\/p>\n<p>\u00c9 a nobre Peroba Rosa de demoli\u00e7\u00e3o, que traz a cor caramelo e a resist\u00eancia de s\u00e9culos de hist\u00f3ria. Cada detalhe, do puxador \u00e0 estrutura, foi pensado para ser o centro das aten\u00e7\u00f5es na sua cozinha integrada.<\/p>\n<p>\u200bTransforme seu espa\u00e7o de cozinhar em um ponto de encontro.<\/p>\n","protected":false},"excerpt":{"rendered":"<p>Sua Ilha de Cozinha com Alma! \u200bChega de m\u00f3veis sem gra\u00e7a! Esta ilha \u00e9 a uni\u00e3o perfeita entre o charme r\u00fastico e a funcionalidade moderna. \u200bA mat\u00e9ria-prima? \u00c9 a nobre Peroba Rosa de demoli\u00e7\u00e3o, que traz a cor caramelo e a resist\u00eancia de s\u00e9culos de hist\u00f3ria. Cada detalhe, do puxador \u00e0 estrutura, foi pensado para ser o centro das aten\u00e7\u00f5es na sua cozinha integrada. \u200bTransforme seu espa\u00e7o de cozinhar em um ponto de encontro.<\/p>\n","protected":false},"featured_media":2097,"template":"","meta":{"footnotes":""},"product_brand":[],"product_cat":[107],"product_tag":[],"locais-de-destaque":[93,94,95],"class_list":{"0":"post-2095","1":"product","2":"type-product","3":"status-publish","4":"has-post-thumbnail","6":"product_cat-cozinha","7":"locais-de-destaque-vendidos","8":"locais-de-destaque-ofertas-da-semana","9":"locais-de-destaque-outros-produtos","11":"first","12":"instock","13":"shipping-taxable","14":"purchasable","15":"product-type-simple"},"_links":{"self":[{"href":"https:\/\/clientes.3pixeldesign.com.br\/casaferroemadeira\/wp-json\/wp\/v2\/product\/2095","targetHints":{"allow":["GET"]}}],"collection":[{"href":"https:\/\/clientes.3pixeldesign.com.br\/casaferroemadeira\/wp-json\/wp\/v2\/product"}],"about":[{"href":"https:\/\/clientes.3pixeldesign.com.br\/casaferroemadeira\/wp-json\/wp\/v2\/types\/product"}],"version-history":[{"count":1,"href":"https:\/\/clientes.3pixeldesign.com.br\/casaferroemadeira\/wp-json\/wp\/v2\/product\/2095\/revisions"}],"predecessor-version":[{"id":2106,"href":"https:\/\/clientes.3pixeldesign.com.br\/casaferroemadeira\/wp-json\/wp\/v2\/product\/2095\/revisions\/2106"}],"wp:featuredmedia":[{"embeddable":true,"href":"https:\/\/clientes.3pixeldesign.com.br\/casaferroemadeira\/wp-json\/wp\/v2\/media\/2097"}],"wp:attachment":[{"href":"https:\/\/clientes.3pixeldesign.com.br\/casaferroemadeira\/wp-json\/wp\/v2\/media?parent=2095"}],"wp:term":[{"taxonomy":"product_brand","embeddable":true,"href":"https:\/\/clientes.3pixeldesign.com.br\/casaferroemadeira\/wp-json\/wp\/v2\/product_brand?post=2095"},{"taxonomy":"product_cat","embeddable":true,"href":"https:\/\/clientes.3pixeldesign.com.br\/casaferroemadeira\/wp-json\/wp\/v2\/product_cat?post=2095"},{"taxonomy":"product_tag","embeddable":true,"href":"https:\/\/clientes.3pixeldesign.com.br\/casaferroemadeira\/wp-json\/wp\/v2\/product_tag?post=2095"},{"taxonomy":"locais-de-destaque","embeddable":true,"href":"https:\/\/clientes.3pixeldesign.com.br\/casaferroemadeira\/wp-json\/wp\/v2\/locais-de-destaque?post=2095"}],"curies":[{"name":"wp","href":"https:\/\/api.w.org\/{rel}","templated":true}]}}