{"id":922,"date":"2024-02-27T08:33:54","date_gmt":"2024-02-27T11:33:54","guid":{"rendered":"https:\/\/catalogowoo.cirius.dev.br\/?page_id=922"},"modified":"2024-02-27T08:33:54","modified_gmt":"2024-02-27T11:33:54","slug":"politica-de-entrega","status":"publish","type":"page","link":"https:\/\/clientes.3pixeldesign.com.br\/casaferroemadeira\/politica-de-entrega\/","title":{"rendered":"Pol\u00edtica de Entrega"},"content":{"rendered":"\n<p>O que \u00e9 pol\u00edtica de frete e entrega?<br>A pol\u00edtica de entrega \u00e9 um documento valioso para o seu neg\u00f3cio, documento esse que ser\u00e1 atualizado e alterado conforme as opera\u00e7\u00f5es e as circunst\u00e2ncias mudem \u2013 especialmente quando problemas imprevis\u00edveis for\u00e7arem voc\u00ea a se adaptar.<\/p>\n\n\n\n<p>Uma pol\u00edtica de frete bem organizada n\u00e3o s\u00f3 estabelece expectativas realistas sobre custos e prazos de envio de pedidos como tamb\u00e9m vira um recurso que pode ser usado toda vez que um cliente apresentar questionamentos em rela\u00e7\u00e3o ao seu pedido.<\/p>\n\n\n\n<p>N\u00e3o importa se voc\u00ea est\u00e1 criando uma pol\u00edtica de frete do zero ou atualizando sua pol\u00edtica atual para diminuir as solicita\u00e7\u00f5es de clientes e desafogar seus canais de atendimento. Disponibilizamos este recurso para ajudar voc\u00ea a cobrir esse aspecto t\u00e3o importante e comunicar os detalhes certos, com um modelo para voc\u00ea se inspirar em bons exemplos.<\/p>\n","protected":false},"excerpt":{"rendered":"<p>O que \u00e9 pol\u00edtica de frete e entrega?A pol\u00edtica de entrega \u00e9 um documento valioso para o seu neg\u00f3cio, documento esse que ser\u00e1 atualizado e alterado conforme as opera\u00e7\u00f5es e as circunst\u00e2ncias mudem \u2013 especialmente quando problemas imprevis\u00edveis for\u00e7arem voc\u00ea a se adaptar. Uma pol\u00edtica de frete bem organizada n\u00e3o s\u00f3 estabelece expectativas realistas sobre custos e prazos de envio de pedidos como tamb\u00e9m vira um recurso que pode ser usado toda vez que um cliente apresentar questionamentos em rela\u00e7\u00e3o ao seu pedido. N\u00e3o importa se voc\u00ea est\u00e1 criando uma pol\u00edtica de frete do zero ou atualizando sua pol\u00edtica atual para diminuir as solicita\u00e7\u00f5es de clientes e desafogar seus canais de atendimento. Disponibilizamos este recurso para ajudar voc\u00ea a cobrir esse aspecto t\u00e3o importante e comunicar os detalhes certos, com um modelo para voc\u00ea se inspirar em bons exemplos.<\/p>\n","protected":false},"author":1,"featured_media":0,"parent":0,"menu_order":0,"comment_status":"closed","ping_status":"closed","template":"","meta":{"footnotes":""},"class_list":["post-922","page","type-page","status-publish","hentry"],"blocksy_meta":[],"_links":{"self":[{"href":"https:\/\/clientes.3pixeldesign.com.br\/casaferroemadeira\/wp-json\/wp\/v2\/pages\/922","targetHints":{"allow":["GET"]}}],"collection":[{"href":"https:\/\/clientes.3pixeldesign.com.br\/casaferroemadeira\/wp-json\/wp\/v2\/pages"}],"about":[{"href":"https:\/\/clientes.3pixeldesign.com.br\/casaferroemadeira\/wp-json\/wp\/v2\/types\/page"}],"author":[{"embeddable":true,"href":"https:\/\/clientes.3pixeldesign.com.br\/casaferroemadeira\/wp-json\/wp\/v2\/users\/1"}],"replies":[{"embeddable":true,"href":"https:\/\/clientes.3pixeldesign.com.br\/casaferroemadeira\/wp-json\/wp\/v2\/comments?post=922"}],"version-history":[{"count":0,"href":"https:\/\/clientes.3pixeldesign.com.br\/casaferroemadeira\/wp-json\/wp\/v2\/pages\/922\/revisions"}],"wp:attachment":[{"href":"https:\/\/clientes.3pixeldesign.com.br\/casaferroemadeira\/wp-json\/wp\/v2\/media?parent=922"}],"curies":[{"name":"wp","href":"https:\/\/api.w.org\/{rel}","templated":true}]}}