{"id":7,"date":"2024-01-05T09:12:49","date_gmt":"2024-01-05T12:12:49","guid":{"rendered":"https:\/\/catalogowoo.cirius.dev.br\/carrinho\/"},"modified":"2024-08-31T11:58:14","modified_gmt":"2024-08-31T14:58:14","slug":"carrinho","status":"publish","type":"page","link":"https:\/\/clientes.3pixeldesign.com.br\/casaferroemadeira\/carrinho\/","title":{"rendered":"Carrinho"},"content":{"rendered":"\t\t<div data-elementor-type=\"wp-page\" data-elementor-id=\"7\" class=\"elementor elementor-7\" data-elementor-post-type=\"page\">\n\t\t\t\t<div class=\"elementor-element elementor-element-3717241f e-flex e-con-boxed e-con e-parent\" data-id=\"3717241f\" data-element_type=\"container\">\n\t\t\t\t\t<div class=\"e-con-inner\">\n\t\t\t\t<div class=\"elementor-element elementor-element-df58d04 elementor-widget elementor-widget-shortcode\" data-id=\"df58d04\" data-element_type=\"widget\" data-widget_type=\"shortcode.default\">\n\t\t\t\t<div class=\"elementor-widget-container\">\n\t\t\t\t\t\t\t<div class=\"elementor-shortcode\">    <style>\n        .reset-cart-link {\n            text-decoration: underline;\n            cursor: pointer;\n            background: var(--e-global-color-accent)!important;\n            border: none;\n            padding: 0;\n            margin: 0;\n            font-size: inherit;\n            color: inherit;\n        }\n\t\t\n\t\t   .reset-cart-button {\n            background: var(--e-global-color-accent)!important;\n        }\n\t\t\n\t\t.reset-cart-link .reset-cart-button:hover{\n\t\t\tbackground:-var(--e-global-color-45f69b7);!important;\n\t\t}\n    <\/style>\n    <form method=\"post\">\n        <input type=\"hidden\" name=\"reset_cart\" value=\"1\">\n        <button type=\"submit\" name=\"reset_cart_button\" class=\"reset-cart-button\">Limpar Carrinho<\/button>\n    <\/form>\n    <\/div>\n\t\t\t\t\t\t<\/div>\n\t\t\t\t<\/div>\n\t\t\t\t<div class=\"elementor-element elementor-element-4f9350a e-cart-layout-two-column elementor-widget elementor-widget-woocommerce-cart\" data-id=\"4f9350a\" data-element_type=\"widget\" data-settings=\"{&quot;update_cart_automatically&quot;:&quot;yes&quot;}\" data-widget_type=\"woocommerce-cart.default\">\n\t\t\t\t<div class=\"elementor-widget-container\">\n\t\t\t\t\t<div class=\"woocommerce\"><div class=\"woocommerce-notices-wrapper\"><\/div><div class=\"wc-empty-cart-message\">\n\t<div class=\"cart-empty woocommerce-info\" role=\"status\">\n\t\tSeu carrinho est\u00e1 vazio.\t<\/div>\n<\/div>\t<p class=\"return-to-shop\">\n\t\t<a class=\"button wc-backward\" href=\"https:\/\/clientes.3pixeldesign.com.br\/casaferroemadeira\/\">\n\t\t\tRetornar para a loja\t\t<\/a>\n\t<\/p>\n<\/div>\t\t\t\t<\/div>\n\t\t\t\t<\/div>\n\t\t\t\t\t<\/div>\n\t\t\t\t<\/div>\n\t\t\t\t<\/div>\n\t\t","protected":false},"excerpt":{"rendered":"<p>Remover item Imagem de miniatura Produto Pre\u00e7o Quantidade Subtotal &times; Cadeira Gameromega s Assassins Creed Legacy &#82;&#36;&nbsp;1.699,99 Cadeira Gameromega s Assassins Creed Legacy quantidade &#82;&#36;&nbsp;3.399,98 Resumo de valores Subtotal &#82;&#36;&nbsp;3.399,98 Entrega Nenhuma op\u00e7\u00e3o de entrega foi encontrada para Rua Brusque, 552, Itaja\u00ed, Santa Catarina, 88303-000. Digite um endere\u00e7o diferente Pa\u00eds \/ regi\u00e3o: Selecione um pa\u00eds&hellip;Brasil Estado \/ Pa\u00eds: Selecione uma op\u00e7\u00e3o&hellip;AcreAlagoasAmap\u00e1AmazonasBahiaCear\u00e1Distrito FederalEsp\u00edrito SantoGoi\u00e1sMaranh\u00e3oMato GrossoMato Grosso do SulMinas GeraisPar\u00e1Para\u00edbaParan\u00e1PernambucoPiau\u00edRio de JaneiroRio Grande do NorteRio Grande do SulRond\u00f4niaRoraimaSanta CatarinaS\u00e3o PauloSergipeTocantins Cidade: C\u00f3digo postal \/ CEP: Atualizar Total &#82;&#36;&nbsp;3.399,98 Finalizar Pedido<\/p>\n","protected":false},"author":1,"featured_media":0,"parent":0,"menu_order":0,"comment_status":"closed","ping_status":"closed","template":"","meta":{"footnotes":""},"class_list":["post-7","page","type-page","status-publish","hentry"],"blocksy_meta":[],"_links":{"self":[{"href":"https:\/\/clientes.3pixeldesign.com.br\/casaferroemadeira\/wp-json\/wp\/v2\/pages\/7","targetHints":{"allow":["GET"]}}],"collection":[{"href":"https:\/\/clientes.3pixeldesign.com.br\/casaferroemadeira\/wp-json\/wp\/v2\/pages"}],"about":[{"href":"https:\/\/clientes.3pixeldesign.com.br\/casaferroemadeira\/wp-json\/wp\/v2\/types\/page"}],"author":[{"embeddable":true,"href":"https:\/\/clientes.3pixeldesign.com.br\/casaferroemadeira\/wp-json\/wp\/v2\/users\/1"}],"replies":[{"embeddable":true,"href":"https:\/\/clientes.3pixeldesign.com.br\/casaferroemadeira\/wp-json\/wp\/v2\/comments?post=7"}],"version-history":[{"count":6,"href":"https:\/\/clientes.3pixeldesign.com.br\/casaferroemadeira\/wp-json\/wp\/v2\/pages\/7\/revisions"}],"predecessor-version":[{"id":2017,"href":"https:\/\/clientes.3pixeldesign.com.br\/casaferroemadeira\/wp-json\/wp\/v2\/pages\/7\/revisions\/2017"}],"wp:attachment":[{"href":"https:\/\/clientes.3pixeldesign.com.br\/casaferroemadeira\/wp-json\/wp\/v2\/media?parent=7"}],"curies":[{"name":"wp","href":"https:\/\/api.w.org\/{rel}","templated":true}]}}